{"id":74381,"date":"2020-06-18T14:48:02","date_gmt":"2020-06-18T18:48:02","guid":{"rendered":"https:\/\/idealis.cl\/?page_id=74381"},"modified":"2020-06-18T18:55:42","modified_gmt":"2020-06-18T22:55:42","slug":"privacy-policy","status":"publish","type":"page","link":"https:\/\/www.idealis.cl\/en\/privacy-policy\/","title":{"rendered":"Privacy Policy"},"content":{"rendered":"<div class=\"wpb-content-wrapper\"><p>[vc_row row_height_percent=&#8221;0&#8243; override_padding=&#8221;yes&#8221; h_padding=&#8221;3&#8243; top_padding=&#8221;5&#8243; bottom_padding=&#8221;5&#8243; overlay_alpha=&#8221;0&#8243; gutter_size=&#8221;100&#8243; column_width_percent=&#8221;100&#8243; shift_y=&#8221;0&#8243; z_index=&#8221;0&#8243; style=&#8221;inherited&#8221;][vc_column column_width_percent=&#8221;100&#8243; position_horizontal=&#8221;left&#8221; overlay_alpha=&#8221;100&#8243; gutter_size=&#8221;4&#8243; medium_width=&#8221;0&#8243; mobile_width=&#8221;0&#8243; shift_x=&#8221;0&#8243; shift_y=&#8221;0&#8243; shift_y_down=&#8221;0&#8243; z_index=&#8221;0&#8243; zoom_width=&#8221;0&#8243; zoom_height=&#8221;0&#8243; width=&#8221;1\/2&#8243;][vc_custom_heading text_font=&#8221;font-172739&#8243; text_color=&#8221;accent&#8221;]<\/p>\n<div class=\"heading-text el-text\">\n<p>Pol\u00edtica de Privacidad y Protecci\u00f3n de Datos Personales<\/p>\n<\/div>\n<p>[\/vc_custom_heading][vc_column_text]<strong>Idealis Legal Recruitment<\/strong> se compromete a respetar tu privacidad y la protecci\u00f3n de tus datos personales. De esta forma, no est\u00e1s obligado a facilitar ninguna informaci\u00f3n personal al consultar nuestro sitio web. Ahora bien, con el objetivo de que nuestros expertos en mercado legal puedan conocerte e incorporarte a nuestra base de datos, te invitamos a informarnos tus antecedentes acad\u00e9micos y profesionales completando el formulario disponible en la secci\u00f3n &#8220;CV&#8221; de este sitio, en cuyo caso y para efectos de poder registrar tus antecedentes adecuadamente, se te pedir\u00e1 que proporciones ciertos datos, y aceptes esta pol\u00edtica de privacidad.<\/p>\n<p>En ese evento, haremos tratamiento de tus datos s\u00f3lo para comunicarnos contigo, dejarte debidamente registrado, y poder brindarte la informaci\u00f3n y\/o servicios que se hubieran solicitado. Trataremos tus antecedentes con estricta confidencialidad y no los proporcionaremos a nadie sin tu expreso consentimiento.<\/p>\n<p style=\"text-align: left;\">La recolecci\u00f3n, procesamiento y almacenamiento de la informaci\u00f3n contenida en este sitio web queda sujeto a las disposiciones de Ley N\u00ba 19.628 sobre protecci\u00f3n de la vida privada y sus modificaciones posteriores. En este contexto, Idealis Legal Recruitment adoptar\u00e1 las medidas de seguridad necesarias para garantizar la confidencialidad de los datos obtenidos por medio de formularios, encuestas o mecanismos de registro de navegaci\u00f3n web.<\/p>\n<p>[\/vc_column_text][\/vc_column][vc_column width=&#8221;1\/2&#8243;][vc_empty_space empty_h=&#8221;4&#8243;][vc_column_text]<strong>Idealis Legal Recruitment<\/strong> as\u00ed como sus consultores y personal administrativo que en cualquier momento pudiesen interactuar con datos de car\u00e1cter personal, est\u00e1n obligados a guardar secreto de los mismos, cuando provengan o hayan sido recolectados de fuentes no accesibles al p\u00fablico. Los datos entregados por los clientes y candidatos de<strong> Idealis Legal Recruitment<\/strong> ser\u00e1n administrados exclusivamente por personal de la consultora, evitando usos indebidos, alteraci\u00f3n o entrega a terceros. No compartiremos tu informaci\u00f3n personal con ning\u00fan tercero, excepto cuando sea requerido por ley.<\/p>\n<p>En el caso que, mediante contrato de servicio, sea una entidad externa o empresa quien administre las bases de datos que se recogen a trav\u00e9s de nuestra p\u00e1gina web, <strong>Idealis Legal Recruitment<\/strong> suscribir\u00e1 un acuerdo de confidencialidad, de manera que bajo ninguna circunstancia la empresa o entidad pueda comercializar, utilizar ni entregar datos personales de los usuarios a terceros.<\/p>\n<p>Los datos personales de los candidatos ser\u00e1n utilizados \u00fanicamente para el cumplimiento de los fines indicados en el(los) formulario(s) correspondiente(s) y siempre en el contexto de los servicios prestados por <strong>Idealis Legal Recruitment.<\/strong>[\/vc_column_text][vc_empty_space empty_h=&#8221;2&#8243;][\/vc_column][\/vc_row][vc_row unlock_row_content=&#8221;yes&#8221; row_height_percent=&#8221;0&#8243; override_padding=&#8221;yes&#8221; h_padding=&#8221;0&#8243; top_padding=&#8221;7&#8243; bottom_padding=&#8221;7&#8243; back_color=&#8221;accent&#8221; back_image=&#8221;73218&#8243; back_position=&#8221;center center&#8221; parallax=&#8221;yes&#8221; overlay_color=&#8221;color-990698&#8243; overlay_alpha=&#8221;80&#8243; gutter_size=&#8221;100&#8243; column_width_percent=&#8221;100&#8243; shift_y=&#8221;0&#8243; z_index=&#8221;0&#8243; style=&#8221;inherited&#8221;][vc_column column_width_percent=&#8221;100&#8243; position_vertical=&#8221;middle&#8221; align_horizontal=&#8221;align_center&#8221; style=&#8221;dark&#8221; overlay_alpha=&#8221;100&#8243; gutter_size=&#8221;3&#8243; medium_width=&#8221;0&#8243; shift_x=&#8221;0&#8243; shift_y=&#8221;0&#8243; zoom_width=&#8221;0&#8243; zoom_height=&#8221;0&#8243; width=&#8221;1\/1&#8243;][vc_button radius=&#8221;btn-circle&#8221; border_width=&#8221;0&#8243; link=&#8221;url:https%3A%2F%2Fidealiscv.typeform.com%2Fto%2FD5tDdp|title:Contact|target:%20_blank|&#8221; onclick=&#8221;trackOutboundLink(&#8216;http:\/\/themeforest.net\/item\/uncode-creative-multiuse-wordpress-theme\/13373220?utm_source=undsgncta&amp;ref=undsgn&amp;license=regular&amp;open_purchase_for_item_id=13373220&amp;purchasable=source&#8217;); return false;&#8221;]Update my information[\/vc_button][\/vc_column][\/vc_row][vc_row row_height_percent=&#8221;0&#8243; override_padding=&#8221;yes&#8221; h_padding=&#8221;2&#8243; top_padding=&#8221;3&#8243; bottom_padding=&#8221;3&#8243; overlay_alpha=&#8221;50&#8243; gutter_size=&#8221;3&#8243; column_width_percent=&#8221;100&#8243; shift_y=&#8221;0&#8243; z_index=&#8221;0&#8243;][vc_column column_width_percent=&#8221;100&#8243; position_vertical=&#8221;bottom&#8221; align_horizontal=&#8221;align_center&#8221; overlay_alpha=&#8221;50&#8243; gutter_size=&#8221;3&#8243; medium_width=&#8221;0&#8243; mobile_width=&#8221;0&#8243; shift_x=&#8221;0&#8243; shift_y=&#8221;0&#8243; shift_y_down=&#8221;0&#8243; z_index=&#8221;0&#8243; width=&#8221;1\/1&#8243;][vc_custom_heading heading_semantic=&#8221;h3&#8243; text_space=&#8221;fontspace-781688&#8243; text_font=&#8221;font-172739&#8243; text_color=&#8221;accent&#8221; separator=&#8221;yes&#8221; separator_color=&#8221;yes&#8221; sub_lead=&#8221;yes&#8221; sub_reduced=&#8221;yes&#8221; subheading=&#8221;Information is power. These posts hope to make legal hiring more transparent.&#8221;]Legal Market[\/vc_custom_heading][\/vc_column][\/vc_row][vc_row][vc_column width=&#8221;1\/1&#8243;][uncode_index el_id=&#8221;index-15588655905&#8243; isotope_mode=&#8221;fitRows&#8221; loop=&#8221;size:All|order_by:date|order:DESC|post_type:post|by_id:-4245&#8243; filtering=&#8221;yes&#8221; filtering_full_width=&#8221;yes&#8221; filtering_position=&#8221;center&#8221; filtering_uppercase=&#8221;yes&#8221; footer_full_width=&#8221;yes&#8221; gutter_size=&#8221;2&#8243; post_items=&#8221;icon,media|featured|onpost|poster,date,title,text|excerpt|120&#8243; page_items=&#8221;title,media,text,category&#8221; product_items=&#8221;title,media,text,category,price&#8221; portfolio_items=&#8221;title,media,text,category&#8221; screen_lg=&#8221;1700&#8243; screen_md=&#8221;960&#8243; screen_sm=&#8221;480&#8243; single_width=&#8221;2&#8243; images_size=&#8221;sixteen-nine&#8221; single_back_color=&#8221;color-xsdn&#8221; single_shape=&#8221;round&#8221; single_overlay_opacity=&#8221;50&#8243; single_text_anim_type=&#8221;btt&#8221; single_image_anim=&#8221;no&#8221; single_padding=&#8221;2&#8243; single_title_transform=&#8221;uppercase&#8221; single_title_dimension=&#8221;h6&#8243; single_shadow=&#8221;yes&#8221; single_border=&#8221;yes&#8221; single_css_animation=&#8221;bottom-t-top&#8221; single_animation_delay=&#8221;200&#8243; single_half_padding=&#8221;&#8221; single_title_bold=&#8221;yes&#8221; single_title_serif=&#8221;&#8221; single_title_divider=&#8221;&#8221; single_no_background=&#8221;&#8221; items=&#8221;e30=&#8221; footer_position=&#8221;left&#8221; carousel_rtl=&#8221;&#8221; single_icon=&#8221;fa fa-search3&#8243; filtering_transform=&#8221;uppercase&#8221;][\/vc_column][\/vc_row][vc_row unlock_row_content=&#8221;yes&#8221; row_height_percent=&#8221;0&#8243; override_padding=&#8221;yes&#8221; h_padding=&#8221;0&#8243; top_padding=&#8221;7&#8243; bottom_padding=&#8221;7&#8243; back_image=&#8221;73220&#8243; back_position=&#8221;center center&#8221; parallax=&#8221;yes&#8221; overlay_color=&#8221;color-143410&#8243; overlay_alpha=&#8221;92&#8243; gutter_size=&#8221;100&#8243; column_width_percent=&#8221;100&#8243; shift_y=&#8221;0&#8243; z_index=&#8221;0&#8243; style=&#8221;inherited&#8221;][vc_column column_width_percent=&#8221;100&#8243; position_vertical=&#8221;middle&#8221; align_horizontal=&#8221;align_center&#8221; style=&#8221;dark&#8221; overlay_alpha=&#8221;100&#8243; gutter_size=&#8221;3&#8243; medium_width=&#8221;0&#8243; shift_x=&#8221;0&#8243; shift_y=&#8221;0&#8243; zoom_width=&#8221;0&#8243; zoom_height=&#8221;0&#8243; width=&#8221;1\/1&#8243;][vc_gallery el_id=&#8221;gallery-35677&#8243; type=&#8221;carousel&#8221; medias=&#8221;73165,12158&#8243; carousel_lg=&#8221;1&#8243; carousel_md=&#8221;1&#8243; carousel_sm=&#8221;1&#8243; gutter_size=&#8221;0&#8243; media_items=&#8221;icon,media|lightbox|original&#8221; carousel_type=&#8221;fade&#8221; carousel_interval=&#8221;5000&#8243; carousel_navspeed=&#8221;400&#8243; carousel_nav=&#8221;yes&#8221; carousel_dots_mobile=&#8221;yes&#8221; carousel_autoh=&#8221;yes&#8221; carousel_textual=&#8221;yes&#8221; stage_padding=&#8221;0&#8243; single_overlay_opacity=&#8221;50&#8243; single_padding=&#8221;0&#8243; single_title_dimension=&#8221;h3&#8243; single_title_family=&#8221;font-134980&#8243; single_title_height=&#8221;fontheight-524109&#8243; single_css_animation=&#8221;zoom-in&#8221; single_animation_delay=&#8221;200&#8243; carousel_twitter=&#8221;yes&#8221; title=&#8221;Testimonials&#8221;][\/vc_column][\/vc_row]<\/p>\n<\/div>","protected":false},"excerpt":{"rendered":"<p>[vc_row row_height_percent=&#8221;0&#8243; override_padding=&#8221;yes&#8221; h_padding=&#8221;3&#8243; top_padding=&#8221;5&#8243; bottom_padding=&#8221;5&#8243; overlay_alpha=&#8221;0&#8243; gutter_size=&#8221;100&#8243; column_width_percent=&#8221;100&#8243; shift_y=&#8221;0&#8243; z_index=&#8221;0&#8243; style=&#8221;inherited&#8221;][vc_column column_width_percent=&#8221;100&#8243; position_horizontal=&#8221;left&#8221; overlay_alpha=&#8221;100&#8243; gutter_size=&#8221;4&#8243; medium_width=&#8221;0&#8243; mobile_width=&#8221;0&#8243; shift_x=&#8221;0&#8243; shift_y=&#8221;0&#8243; [&hellip;]<\/p>\n","protected":false},"author":1,"featured_media":0,"parent":0,"menu_order":0,"comment_status":"closed","ping_status":"closed","template":"","meta":{"footnotes":""},"class_list":["post-74381","page","type-page","status-publish","hentry"],"_links":{"self":[{"href":"https:\/\/www.idealis.cl\/en\/wp-json\/wp\/v2\/pages\/74381","targetHints":{"allow":["GET"]}}],"collection":[{"href":"https:\/\/www.idealis.cl\/en\/wp-json\/wp\/v2\/pages"}],"about":[{"href":"https:\/\/www.idealis.cl\/en\/wp-json\/wp\/v2\/types\/page"}],"author":[{"embeddable":true,"href":"https:\/\/www.idealis.cl\/en\/wp-json\/wp\/v2\/users\/1"}],"replies":[{"embeddable":true,"href":"https:\/\/www.idealis.cl\/en\/wp-json\/wp\/v2\/comments?post=74381"}],"version-history":[{"count":5,"href":"https:\/\/www.idealis.cl\/en\/wp-json\/wp\/v2\/pages\/74381\/revisions"}],"predecessor-version":[{"id":74418,"href":"https:\/\/www.idealis.cl\/en\/wp-json\/wp\/v2\/pages\/74381\/revisions\/74418"}],"wp:attachment":[{"href":"https:\/\/www.idealis.cl\/en\/wp-json\/wp\/v2\/media?parent=74381"}],"curies":[{"name":"wp","href":"https:\/\/api.w.org\/{rel}","templated":true}]}}